{"id":823,"date":"2024-12-08T17:26:32","date_gmt":"2024-12-08T17:26:32","guid":{"rendered":"https:\/\/bierther.info\/?page_id=823"},"modified":"2025-01-03T19:06:53","modified_gmt":"2025-01-03T19:06:53","slug":"referenzen","status":"publish","type":"page","link":"https:\/\/bierther.info\/?page_id=823","title":{"rendered":"Referenzen"},"content":{"rendered":"\n<p>Eine Auswahl meiner Auftrageber:innen:<\/p>\n\n\n\n<p><strong>Redaktionen und Verlage:<\/strong><\/p>\n\n\n\n<p>Beratende Ingenieure<\/p>\n\n\n\n<p>Die Woche<\/p>\n\n\n\n<p>Falk-Verlag<\/p>\n\n\n\n<p>Frankfurter Rundschau<\/p>\n\n\n\n<p>Heinz<\/p>\n\n\n\n<p>hellblau-Verlag<\/p>\n\n\n\n<p>jetzt<\/p>\n\n\n\n<p>Klartext-Verlag<\/p>\n\n\n\n<p>Koenemann-Verlag<\/p>\n\n\n\n<p>Komet-Verlag<\/p>\n\n\n\n<p>rga-Verlag<\/p>\n\n\n\n<p>S\u00fcddeutsche Zeitung Magazin<\/p>\n\n\n\n<p>Sutter-Verlag<\/p>\n\n\n\n<p>taz<\/p>\n\n\n\n<p>Thomas Tilsner Verlag<\/p>\n\n\n\n<p>Ubuntu (Magazin der SOS-Kinderd\u00f6rfer)<\/p>\n\n\n\n<p>UVK-Verlag<\/p>\n\n\n\n<p>Verlag Kommunikation &amp; Wirtschaft<\/p>\n\n\n\n<p>VDI nachrichten<\/p>\n\n\n\n<p>WAZ<\/p>\n\n\n\n<p><strong>Verb\u00e4nde und \u00f6ffentliche Institutionen:<\/strong><\/p>\n\n\n\n<p>\u00c4rztekammer Nordrhein<\/p>\n\n\n\n<p>Bundesgartenschau<\/p>\n\n\n\n<p>Faire Metropole Ruhr<\/p>\n\n\n\n<p>Informationsdienst Wissenschaft<\/p>\n\n\n\n<p>Kommunalverband Ruhrgebiet<\/p>\n\n\n\n<p>Kurzfilmtage Oberhausen<\/p>\n\n\n\n<p>Regionale 2006<\/p>\n\n\n\n<p>Regionalverband Ruhr<\/p>\n\n\n\n<p>Touristikverband Siegen-Wittgenstein<\/p>\n\n\n\n<p>Universit\u00e4t Witten-Herdecke<\/p>\n\n\n\n<p>Wirtschaftsf\u00f6rderung Metropole Ruhr<\/p>\n\n\n\n<p>Zukunftsakademie NRW<\/p>\n\n\n\n<p><strong>Unternehmen:<\/strong><\/p>\n\n\n\n<p>Chiron<\/p>\n\n\n\n<p>Geiger-Reloga<\/p>\n\n\n\n<p>GlaxoSmithKline<\/p>\n\n\n\n<p>Hochtief Construction<\/p>\n\n\n\n<p>Interartes Mediengestaltung Filmproduktion Totaltheater<\/p>\n\n\n\n<p>Novartis<\/p>\n\n\n\n<p>Sidroga<\/p>\n\n\n\n<p>Sozialwerk St. Georg<\/p>\n\n\n\n<p><\/p>\n","protected":false},"excerpt":{"rendered":"<p>Eine Auswahl meiner Auftrageber:innen: Redaktionen und Verlage: Beratende Ingenieure Die Woche Falk-Verlag Frankfurter Rundschau Heinz hellblau-Verlag jetzt Klartext-Verlag Koenemann-Verlag Komet-Verlag rga-Verlag S\u00fcddeutsche Zeitung Magazin Sutter-Verlag taz Thomas Tilsner Verlag Ubuntu (Magazin der SOS-Kinderd\u00f6rfer) UVK-Verlag Verlag Kommunikation &amp; Wirtschaft VDI nachrichten WAZ Verb\u00e4nde und \u00f6ffentliche Institutionen: \u00c4rztekammer Nordrhein Bundesgartenschau Faire Metropole Ruhr Informationsdienst Wissenschaft Kommunalverband Ruhrgebiet &hellip; <\/p>\n<p class=\"link-more\"><a href=\"https:\/\/bierther.info\/?page_id=823\" class=\"more-link\"><span class=\"screen-reader-text\">\u201eReferenzen\u201c <\/span>weiterlesen<\/a><\/p>\n","protected":false},"author":1,"featured_media":0,"parent":0,"menu_order":0,"comment_status":"closed","ping_status":"closed","template":"","meta":{"footnotes":""},"class_list":["post-823","page","type-page","status-publish","hentry"],"_links":{"self":[{"href":"https:\/\/bierther.info\/index.php?rest_route=\/wp\/v2\/pages\/823","targetHints":{"allow":["GET"]}}],"collection":[{"href":"https:\/\/bierther.info\/index.php?rest_route=\/wp\/v2\/pages"}],"about":[{"href":"https:\/\/bierther.info\/index.php?rest_route=\/wp\/v2\/types\/page"}],"author":[{"embeddable":true,"href":"https:\/\/bierther.info\/index.php?rest_route=\/wp\/v2\/users\/1"}],"replies":[{"embeddable":true,"href":"https:\/\/bierther.info\/index.php?rest_route=%2Fwp%2Fv2%2Fcomments&post=823"}],"version-history":[{"count":6,"href":"https:\/\/bierther.info\/index.php?rest_route=\/wp\/v2\/pages\/823\/revisions"}],"predecessor-version":[{"id":884,"href":"https:\/\/bierther.info\/index.php?rest_route=\/wp\/v2\/pages\/823\/revisions\/884"}],"wp:attachment":[{"href":"https:\/\/bierther.info\/index.php?rest_route=%2Fwp%2Fv2%2Fmedia&parent=823"}],"curies":[{"name":"wp","href":"https:\/\/api.w.org\/{rel}","templated":true}]}}